{"id":30,"date":"2016-01-20T17:30:54","date_gmt":"2016-01-20T15:30:54","guid":{"rendered":"http:\/\/www.israelgids.nl\/wp\/?page_id=30"},"modified":"2023-05-23T05:50:01","modified_gmt":"2023-05-23T03:50:01","slug":"contact","status":"publish","type":"page","link":"https:\/\/www.israelgids.nl\/nl\/contact\/","title":{"rendered":"Contact"},"content":{"rendered":"<h5 style=\"text-align: justify;\"><span style=\"color: #000080;\">Uw Isra\u00eblgids is m\u00e9\u00e9r dan een site op het net of een stem aan de telefoon. <\/span><\/h5>\n<h5 style=\"text-align: justify;\"><span style=\"color: #000080;\"><img loading=\"lazy\" decoding=\"async\" class=\"wp-image-1752 alignright\" src=\"https:\/\/www.israelgids.nl\/wp\/wp-content\/uploads\/2020\/07\/SAVE_20200719_1212001-1.jpg\" alt=\"\" width=\"411\" height=\"414\" srcset=\"https:\/\/www.israelgids.nl\/wp\/wp-content\/uploads\/2020\/07\/SAVE_20200719_1212001-1.jpg 774w, https:\/\/www.israelgids.nl\/wp\/wp-content\/uploads\/2020\/07\/SAVE_20200719_1212001-1-298x300.jpg 298w, https:\/\/www.israelgids.nl\/wp\/wp-content\/uploads\/2020\/07\/SAVE_20200719_1212001-1-700x705.jpg 700w, https:\/\/www.israelgids.nl\/wp\/wp-content\/uploads\/2020\/07\/SAVE_20200719_1212001-1-150x150.jpg 150w, https:\/\/www.israelgids.nl\/wp\/wp-content\/uploads\/2020\/07\/SAVE_20200719_1212001-1-768x774.jpg 768w, https:\/\/www.israelgids.nl\/wp\/wp-content\/uploads\/2020\/07\/SAVE_20200719_1212001-1-552x556.jpg 552w\" sizes=\"(max-width: 411px) 100vw, 411px\" \/>Om precies te zijn: ik ben het zelf en samen met mijn vrouw Bernardine en onze medewerkster Rivka, willen wij u graag te woord staan en verder helpen met een <strong>persoonlijk advies. <\/strong><\/span><\/h5>\n<h5 style=\"text-align: justify;\"><span style=\"color: #000080;\">Neem volledig vrijblijvend contact met ons op, per e-mail of telefonisch. <\/span><\/h5>\n<h5 style=\"text-align: justify;\"><span style=\"color: #000080;\"><strong>Yaacov Nof<\/strong> <\/span><\/h5>\n<h5 style=\"text-align: justify;\"><span style=\"color: #000080;\"><strong>Hashofet Chaim Cohen street 18 \/84<\/strong> <\/span><\/h5>\n<h5 style=\"text-align: justify;\"><span style=\"color: #000080;\"><strong>9350004 Arnona<\/strong> <strong>Jerusalem, Israel<\/strong> <\/span><\/h5>\n<h5 style=\"text-align: justify;\"><span style=\"color: #000080;\">Email: <a style=\"color: #000080;\" href=\"mailto:info@israelgids.nl\">info@israelgids.nl<\/a> <\/span><\/h5>\n<h5 style=\"text-align: justify;\"><span style=\"color: #000080;\">Telefoon: +972 77-6561800 <\/span><\/h5>\n<h5 style=\"text-align: justify;\"><span style=\"color: #000080;\">Portable: +972 546663101 <\/span><\/h5>\n<p><img loading=\"lazy\" decoding=\"async\" class=\"wp-image-1903 aligncenter\" src=\"https:\/\/www.israelgids.nl\/wp\/wp-content\/uploads\/2021\/06\/Banner-Israelgids.jpg\" alt=\"\" width=\"1063\" height=\"170\" \/><\/p>\n","protected":false},"excerpt":{"rendered":"<p class=\"post-excerpt\">Uw Isra\u00eblgids is m\u00e9\u00e9r dan een site op het net of een stem aan de telefoon. Om precies te zijn:&#8230;<\/p>\n","protected":false},"author":1,"featured_media":0,"parent":0,"menu_order":5,"comment_status":"closed","ping_status":"closed","template":"","meta":{"_exactmetrics_skip_tracking":false,"_exactmetrics_sitenote_active":false,"_exactmetrics_sitenote_note":"","_exactmetrics_sitenote_category":0,"footnotes":""},"yoast_head":"<!-- This site is optimized with the Yoast SEO plugin v22.9 - https:\/\/yoast.com\/wordpress\/plugins\/seo\/ -->\n<title>Contact - Israelgids<\/title>\n<meta name=\"robots\" content=\"index, follow, max-snippet:-1, max-image-preview:large, max-video-preview:-1\" \/>\n<link rel=\"canonical\" href=\"https:\/\/www.israelgids.nl\/nl\/contact\/\" \/>\n<meta property=\"og:locale\" content=\"nl_NL\" \/>\n<meta property=\"og:type\" content=\"article\" \/>\n<meta property=\"og:title\" content=\"Contact - Israelgids\" \/>\n<meta property=\"og:description\" content=\"Uw Isra\u00eblgids is m\u00e9\u00e9r dan een site op het net of een stem aan de telefoon. Om precies te zijn:...\" \/>\n<meta property=\"og:url\" content=\"https:\/\/www.israelgids.nl\/nl\/contact\/\" \/>\n<meta property=\"og:site_name\" content=\"Israelgids\" \/>\n<meta property=\"article:modified_time\" content=\"2023-05-23T03:50:01+00:00\" \/>\n<meta property=\"og:image\" content=\"https:\/\/www.israelgids.nl\/wp\/wp-content\/uploads\/2020\/07\/SAVE_20200719_1212001-1.jpg\" \/>\n<meta name=\"twitter:card\" content=\"summary_large_image\" \/>\n<meta name=\"twitter:label1\" content=\"Geschatte leestijd\" \/>\n\t<meta name=\"twitter:data1\" content=\"1 minuut\" \/>\n<script type=\"application\/ld+json\" class=\"yoast-schema-graph\">{\"@context\":\"https:\/\/schema.org\",\"@graph\":[{\"@type\":\"WebPage\",\"@id\":\"https:\/\/www.israelgids.nl\/contact\/\",\"url\":\"https:\/\/www.israelgids.nl\/contact\/\",\"name\":\"Contact - Israelgids\",\"isPartOf\":{\"@id\":\"https:\/\/www.israelgids.nl\/#website\"},\"primaryImageOfPage\":{\"@id\":\"https:\/\/www.israelgids.nl\/contact\/#primaryimage\"},\"image\":{\"@id\":\"https:\/\/www.israelgids.nl\/contact\/#primaryimage\"},\"thumbnailUrl\":\"https:\/\/www.israelgids.nl\/wp\/wp-content\/uploads\/2020\/07\/SAVE_20200719_1212001-1.jpg\",\"datePublished\":\"2016-01-20T15:30:54+00:00\",\"dateModified\":\"2023-05-23T03:50:01+00:00\",\"breadcrumb\":{\"@id\":\"https:\/\/www.israelgids.nl\/contact\/#breadcrumb\"},\"inLanguage\":\"nl-NL\",\"potentialAction\":[{\"@type\":\"ReadAction\",\"target\":[\"https:\/\/www.israelgids.nl\/contact\/\"]}]},{\"@type\":\"ImageObject\",\"inLanguage\":\"nl-NL\",\"@id\":\"https:\/\/www.israelgids.nl\/contact\/#primaryimage\",\"url\":\"https:\/\/www.israelgids.nl\/wp\/wp-content\/uploads\/2020\/07\/SAVE_20200719_1212001-1.jpg\",\"contentUrl\":\"https:\/\/www.israelgids.nl\/wp\/wp-content\/uploads\/2020\/07\/SAVE_20200719_1212001-1.jpg\"},{\"@type\":\"BreadcrumbList\",\"@id\":\"https:\/\/www.israelgids.nl\/contact\/#breadcrumb\",\"itemListElement\":[{\"@type\":\"ListItem\",\"position\":1,\"name\":\"Home\",\"item\":\"https:\/\/www.israelgids.nl\/\"},{\"@type\":\"ListItem\",\"position\":2,\"name\":\"Contact\"}]},{\"@type\":\"WebSite\",\"@id\":\"https:\/\/www.israelgids.nl\/#website\",\"url\":\"https:\/\/www.israelgids.nl\/\",\"name\":\"Israelgids\",\"description\":\"Uw persoonlijke gids in Isra\u00ebl sinds 1970\",\"potentialAction\":[{\"@type\":\"SearchAction\",\"target\":{\"@type\":\"EntryPoint\",\"urlTemplate\":\"https:\/\/www.israelgids.nl\/?s={search_term_string}\"},\"query-input\":\"required name=search_term_string\"}],\"inLanguage\":\"nl-NL\"}]}<\/script>\n<!-- \/ Yoast SEO plugin. -->","yoast_head_json":{"title":"Contact - Israelgids","robots":{"index":"index","follow":"follow","max-snippet":"max-snippet:-1","max-image-preview":"max-image-preview:large","max-video-preview":"max-video-preview:-1"},"canonical":"https:\/\/www.israelgids.nl\/nl\/contact\/","og_locale":"nl_NL","og_type":"article","og_title":"Contact - Israelgids","og_description":"Uw Isra\u00eblgids is m\u00e9\u00e9r dan een site op het net of een stem aan de telefoon. Om precies te zijn:...","og_url":"https:\/\/www.israelgids.nl\/nl\/contact\/","og_site_name":"Israelgids","article_modified_time":"2023-05-23T03:50:01+00:00","og_image":[{"url":"https:\/\/www.israelgids.nl\/wp\/wp-content\/uploads\/2020\/07\/SAVE_20200719_1212001-1.jpg"}],"twitter_card":"summary_large_image","twitter_misc":{"Geschatte leestijd":"1 minuut"},"schema":{"@context":"https:\/\/schema.org","@graph":[{"@type":"WebPage","@id":"https:\/\/www.israelgids.nl\/contact\/","url":"https:\/\/www.israelgids.nl\/contact\/","name":"Contact - Israelgids","isPartOf":{"@id":"https:\/\/www.israelgids.nl\/#website"},"primaryImageOfPage":{"@id":"https:\/\/www.israelgids.nl\/contact\/#primaryimage"},"image":{"@id":"https:\/\/www.israelgids.nl\/contact\/#primaryimage"},"thumbnailUrl":"https:\/\/www.israelgids.nl\/wp\/wp-content\/uploads\/2020\/07\/SAVE_20200719_1212001-1.jpg","datePublished":"2016-01-20T15:30:54+00:00","dateModified":"2023-05-23T03:50:01+00:00","breadcrumb":{"@id":"https:\/\/www.israelgids.nl\/contact\/#breadcrumb"},"inLanguage":"nl-NL","potentialAction":[{"@type":"ReadAction","target":["https:\/\/www.israelgids.nl\/contact\/"]}]},{"@type":"ImageObject","inLanguage":"nl-NL","@id":"https:\/\/www.israelgids.nl\/contact\/#primaryimage","url":"https:\/\/www.israelgids.nl\/wp\/wp-content\/uploads\/2020\/07\/SAVE_20200719_1212001-1.jpg","contentUrl":"https:\/\/www.israelgids.nl\/wp\/wp-content\/uploads\/2020\/07\/SAVE_20200719_1212001-1.jpg"},{"@type":"BreadcrumbList","@id":"https:\/\/www.israelgids.nl\/contact\/#breadcrumb","itemListElement":[{"@type":"ListItem","position":1,"name":"Home","item":"https:\/\/www.israelgids.nl\/"},{"@type":"ListItem","position":2,"name":"Contact"}]},{"@type":"WebSite","@id":"https:\/\/www.israelgids.nl\/#website","url":"https:\/\/www.israelgids.nl\/","name":"Israelgids","description":"Uw persoonlijke gids in Isra\u00ebl sinds 1970","potentialAction":[{"@type":"SearchAction","target":{"@type":"EntryPoint","urlTemplate":"https:\/\/www.israelgids.nl\/?s={search_term_string}"},"query-input":"required name=search_term_string"}],"inLanguage":"nl-NL"}]}},"_links":{"self":[{"href":"https:\/\/www.israelgids.nl\/nl\/wp-json\/wp\/v2\/pages\/30"}],"collection":[{"href":"https:\/\/www.israelgids.nl\/nl\/wp-json\/wp\/v2\/pages"}],"about":[{"href":"https:\/\/www.israelgids.nl\/nl\/wp-json\/wp\/v2\/types\/page"}],"author":[{"embeddable":true,"href":"https:\/\/www.israelgids.nl\/nl\/wp-json\/wp\/v2\/users\/1"}],"replies":[{"embeddable":true,"href":"https:\/\/www.israelgids.nl\/nl\/wp-json\/wp\/v2\/comments?post=30"}],"version-history":[{"count":28,"href":"https:\/\/www.israelgids.nl\/nl\/wp-json\/wp\/v2\/pages\/30\/revisions"}],"predecessor-version":[{"id":1970,"href":"https:\/\/www.israelgids.nl\/nl\/wp-json\/wp\/v2\/pages\/30\/revisions\/1970"}],"wp:attachment":[{"href":"https:\/\/www.israelgids.nl\/nl\/wp-json\/wp\/v2\/media?parent=30"}],"curies":[{"name":"wp","href":"https:\/\/api.w.org\/{rel}","templated":true}]}}