{"id":1501,"date":"2020-05-27T12:45:03","date_gmt":"2020-05-27T10:45:03","guid":{"rendered":"https:\/\/www.israelgids.nl\/?page_id=1501"},"modified":"2023-07-03T23:48:19","modified_gmt":"2023-07-03T21:48:19","slug":"onze-aanpak","status":"publish","type":"page","link":"https:\/\/www.israelgids.nl\/nl\/onze-aanpak\/","title":{"rendered":"Onze aanpak"},"content":{"rendered":"<h5 style=\"text-align: justify;\"><span style=\"color: #000080;\">Het unieke van onze manier van reizen is dat wij een reis opbouwen volgens uw wensen en geen standaardprogramma voorschotelen. Bij ons kunt u uw eigen groepsreis samenstellen, maar ook met z&#8217;n tweetjes komen of met uw gezin; dat scheelt uiteraard nogal in de <strong><a style=\"color: #000080;\" href=\"https:\/\/www.israelgids.nl\/prijzen\/\">prijs per persoon<\/a><\/strong>. Wij vinden het belangrijk dat je als groep elkaar kent en daarom kunnen individuele gasten niet bij andere reizen aansluiten. <\/span><\/h5>\n<h5 style=\"text-align: justify;\"><span style=\"color: #000080;\"><strong>Wij willen benadrukken dat wij u graag volledig vrijblijvend een voorstel toesturen, en dat dit u tot niets verplicht.<\/strong><\/span><\/h5>\n<h5 style=\"text-align: justify;\"><span style=\"color: #000080;\">Dit is hoe wij te werk gaan: <\/span><\/h5>\n<h5 style=\"text-align: justify;\"><span style=\"color: #000080;\">1. Zodra u <strong><a style=\"color: #000080;\" href=\"https:\/\/www.israelgids.nl\/contact\/\">contact<\/a> <\/strong>met ons op neemt zullen wij, volledig vrijblijvend, samen met u in kaart brengen wat uw wensen zijn. Dit kan per e-mail, telefonisch, of tijdens een bezoek van Yaacov in Nederland of Belgi\u00eb (twee maal per jaar komt Yaacov naar Nederland en Belgi\u00eb).<\/span><\/h5>\n<h5 style=\"text-align: justify;\"><span style=\"color: #000080;\"> 2. Wij sturen u een prijsvoorstel volgens uw budget. <\/span><\/h5>\n<h5 style=\"text-align: justify;\"><span style=\"color: #000080;\">3. Wij stellen een gedetailleerd programma op en aan de hand van uw feedback zullen wij dit aanpassen waar gewenst. <\/span><\/h5>\n<h5 style=\"text-align: justify;\"><span style=\"color: #000080;\">4. Zodra het programma en de prijs naar uw wens is, zullen wij accommodatie, transport en natuurlijk de gids voor u vastleggen. Soms is het verstandig de vluchten al eerder te boeken, als uw reisdata al vast staan. Wij werken samen met Relireizen in Amsterdam, een expert op het gebied van vluchten naar Isra\u00ebl. <\/span><\/h5>\n<h5 style=\"text-align: justify;\"><span style=\"color: #000080;\">5. Wij zullen alle voorbereidingen voor uw reis treffen. Als u tijdens de voorbereidingen vragen heeft, kunt u altijd contact met ons opnemen. Een aantal weken voor vertrek ontvangt u de reisdocumenten. * <\/span><\/h5>\n<h5 style=\"text-align: justify;\"><span style=\"color: #000080;\">6. U zorgt voor een geldig paspoort (minstens 6 maanden geldig bij het verlaten van Isra\u00ebl) en pakt uw koffer in voor uw reis naar Isra\u00ebl! Identiteitskaarten zijn niet geldig voor reizen naar Isra\u00ebl. <\/span><\/h5>\n","protected":false},"excerpt":{"rendered":"<p class=\"post-excerpt\">Het unieke van onze manier van reizen is dat wij een reis opbouwen volgens uw wensen en geen standaardprogramma voorschotelen&#8230;.<\/p>\n","protected":false},"author":3,"featured_media":0,"parent":0,"menu_order":0,"comment_status":"closed","ping_status":"closed","template":"","meta":{"_exactmetrics_skip_tracking":false,"_exactmetrics_sitenote_active":false,"_exactmetrics_sitenote_note":"","_exactmetrics_sitenote_category":0,"footnotes":""},"yoast_head":"<!-- This site is optimized with the Yoast SEO plugin v22.9 - https:\/\/yoast.com\/wordpress\/plugins\/seo\/ -->\n<title>Onze aanpak - Israelgids<\/title>\n<meta name=\"robots\" content=\"index, follow, max-snippet:-1, max-image-preview:large, max-video-preview:-1\" \/>\n<link rel=\"canonical\" href=\"https:\/\/www.israelgids.nl\/nl\/onze-aanpak\/\" \/>\n<meta property=\"og:locale\" content=\"nl_NL\" \/>\n<meta property=\"og:type\" content=\"article\" \/>\n<meta property=\"og:title\" content=\"Onze aanpak - Israelgids\" \/>\n<meta property=\"og:description\" content=\"Het unieke van onze manier van reizen is dat wij een reis opbouwen volgens uw wensen en geen standaardprogramma voorschotelen....\" \/>\n<meta property=\"og:url\" content=\"https:\/\/www.israelgids.nl\/nl\/onze-aanpak\/\" \/>\n<meta property=\"og:site_name\" content=\"Israelgids\" \/>\n<meta property=\"article:modified_time\" content=\"2023-07-03T21:48:19+00:00\" \/>\n<meta name=\"twitter:card\" content=\"summary_large_image\" \/>\n<meta name=\"twitter:label1\" content=\"Geschatte leestijd\" \/>\n\t<meta name=\"twitter:data1\" content=\"2 minuten\" \/>\n<script type=\"application\/ld+json\" class=\"yoast-schema-graph\">{\"@context\":\"https:\/\/schema.org\",\"@graph\":[{\"@type\":\"WebPage\",\"@id\":\"https:\/\/www.israelgids.nl\/onze-aanpak\/\",\"url\":\"https:\/\/www.israelgids.nl\/onze-aanpak\/\",\"name\":\"Onze aanpak - Israelgids\",\"isPartOf\":{\"@id\":\"https:\/\/www.israelgids.nl\/#website\"},\"datePublished\":\"2020-05-27T10:45:03+00:00\",\"dateModified\":\"2023-07-03T21:48:19+00:00\",\"breadcrumb\":{\"@id\":\"https:\/\/www.israelgids.nl\/onze-aanpak\/#breadcrumb\"},\"inLanguage\":\"nl-NL\",\"potentialAction\":[{\"@type\":\"ReadAction\",\"target\":[\"https:\/\/www.israelgids.nl\/onze-aanpak\/\"]}]},{\"@type\":\"BreadcrumbList\",\"@id\":\"https:\/\/www.israelgids.nl\/onze-aanpak\/#breadcrumb\",\"itemListElement\":[{\"@type\":\"ListItem\",\"position\":1,\"name\":\"Home\",\"item\":\"https:\/\/www.israelgids.nl\/\"},{\"@type\":\"ListItem\",\"position\":2,\"name\":\"Onze aanpak\"}]},{\"@type\":\"WebSite\",\"@id\":\"https:\/\/www.israelgids.nl\/#website\",\"url\":\"https:\/\/www.israelgids.nl\/\",\"name\":\"Israelgids\",\"description\":\"Uw persoonlijke gids in Isra\u00ebl sinds 1970\",\"potentialAction\":[{\"@type\":\"SearchAction\",\"target\":{\"@type\":\"EntryPoint\",\"urlTemplate\":\"https:\/\/www.israelgids.nl\/?s={search_term_string}\"},\"query-input\":\"required name=search_term_string\"}],\"inLanguage\":\"nl-NL\"}]}<\/script>\n<!-- \/ Yoast SEO plugin. -->","yoast_head_json":{"title":"Onze aanpak - Israelgids","robots":{"index":"index","follow":"follow","max-snippet":"max-snippet:-1","max-image-preview":"max-image-preview:large","max-video-preview":"max-video-preview:-1"},"canonical":"https:\/\/www.israelgids.nl\/nl\/onze-aanpak\/","og_locale":"nl_NL","og_type":"article","og_title":"Onze aanpak - Israelgids","og_description":"Het unieke van onze manier van reizen is dat wij een reis opbouwen volgens uw wensen en geen standaardprogramma voorschotelen....","og_url":"https:\/\/www.israelgids.nl\/nl\/onze-aanpak\/","og_site_name":"Israelgids","article_modified_time":"2023-07-03T21:48:19+00:00","twitter_card":"summary_large_image","twitter_misc":{"Geschatte leestijd":"2 minuten"},"schema":{"@context":"https:\/\/schema.org","@graph":[{"@type":"WebPage","@id":"https:\/\/www.israelgids.nl\/onze-aanpak\/","url":"https:\/\/www.israelgids.nl\/onze-aanpak\/","name":"Onze aanpak - Israelgids","isPartOf":{"@id":"https:\/\/www.israelgids.nl\/#website"},"datePublished":"2020-05-27T10:45:03+00:00","dateModified":"2023-07-03T21:48:19+00:00","breadcrumb":{"@id":"https:\/\/www.israelgids.nl\/onze-aanpak\/#breadcrumb"},"inLanguage":"nl-NL","potentialAction":[{"@type":"ReadAction","target":["https:\/\/www.israelgids.nl\/onze-aanpak\/"]}]},{"@type":"BreadcrumbList","@id":"https:\/\/www.israelgids.nl\/onze-aanpak\/#breadcrumb","itemListElement":[{"@type":"ListItem","position":1,"name":"Home","item":"https:\/\/www.israelgids.nl\/"},{"@type":"ListItem","position":2,"name":"Onze aanpak"}]},{"@type":"WebSite","@id":"https:\/\/www.israelgids.nl\/#website","url":"https:\/\/www.israelgids.nl\/","name":"Israelgids","description":"Uw persoonlijke gids in Isra\u00ebl sinds 1970","potentialAction":[{"@type":"SearchAction","target":{"@type":"EntryPoint","urlTemplate":"https:\/\/www.israelgids.nl\/?s={search_term_string}"},"query-input":"required name=search_term_string"}],"inLanguage":"nl-NL"}]}},"_links":{"self":[{"href":"https:\/\/www.israelgids.nl\/nl\/wp-json\/wp\/v2\/pages\/1501"}],"collection":[{"href":"https:\/\/www.israelgids.nl\/nl\/wp-json\/wp\/v2\/pages"}],"about":[{"href":"https:\/\/www.israelgids.nl\/nl\/wp-json\/wp\/v2\/types\/page"}],"author":[{"embeddable":true,"href":"https:\/\/www.israelgids.nl\/nl\/wp-json\/wp\/v2\/users\/3"}],"replies":[{"embeddable":true,"href":"https:\/\/www.israelgids.nl\/nl\/wp-json\/wp\/v2\/comments?post=1501"}],"version-history":[{"count":10,"href":"https:\/\/www.israelgids.nl\/nl\/wp-json\/wp\/v2\/pages\/1501\/revisions"}],"predecessor-version":[{"id":2002,"href":"https:\/\/www.israelgids.nl\/nl\/wp-json\/wp\/v2\/pages\/1501\/revisions\/2002"}],"wp:attachment":[{"href":"https:\/\/www.israelgids.nl\/nl\/wp-json\/wp\/v2\/media?parent=1501"}],"curies":[{"name":"wp","href":"https:\/\/api.w.org\/{rel}","templated":true}]}}