{"id":2,"date":"2015-10-19T21:36:23","date_gmt":"2015-10-19T19:36:23","guid":{"rendered":"http:\/\/www.israelgids.nl\/wp\/?page_id=2"},"modified":"2023-05-24T04:35:52","modified_gmt":"2023-05-24T02:35:52","slug":"team","status":"publish","type":"page","link":"https:\/\/www.israelgids.nl\/en\/team\/","title":{"rendered":"Our team"},"content":{"rendered":"<h5 style=\"text-align: justify;\"><span style=\"color: #000080;\"><em><span style=\"text-decoration: underline;\"><strong>Yaacov Nof<\/strong><\/span><\/em> <\/span><\/h5>\n<h5 style=\"text-align: justify;\"><span style=\"color: #000080;\"><img loading=\"lazy\" decoding=\"async\" class=\"wp-image-1483 alignright\" src=\"https:\/\/www.israelgids.nl\/wp\/wp-content\/uploads\/2020\/05\/Foto-Yaacov-1-scaled.jpg\" alt=\"\" width=\"398\" height=\"301\" \/><\/span><\/h5>\n<h5 style=\"text-align: justify;\"><span style=\"color: #000080;\">Mijn naam is Yaacov Nof. Ik heb ruim 50 jaar ervaring als gids voor Isra\u00eblreizen, zowel in het Nederlands (mijn moedertaal) als in het Engels. Mijn specialisaties zijn religie en natuur. Wat de praktische kant betreft: ik bezit een luxe minibus met airco, met ruimte voor 7 personen, uw gids en uw bagage. Maar ook voor grotere aantallen hebben wij (mini) bussen. <\/span><\/h5>\n<h5 style=\"text-align: justify;\"><span style=\"color: #000080;\">Due to the large demand, I cannot guide all tours myself. We are proud to have a team of good experienced guides, who we gladly introduce to you <strong><a style=\"color: #000080;\" href=\"https:\/\/www.israelgids.nl\/en\/onze-gidsen\/\">on this page.<\/a><\/strong> aan u voorstellen. Twee keer per jaar kom ik naar Nederland en Belgi\u00eb voor persoonlijk advies. <\/span><\/h5>\n<h5 style=\"text-align: justify;\"><span style=\"color: #000080;\"><em><span style=\"text-decoration: underline;\"><strong>Bernardine Nof <\/strong><\/span><\/em><\/span><\/h5>\n<h5 style=\"text-align: justify;\"><span style=\"color: #000080;\"><img loading=\"lazy\" decoding=\"async\" class=\"alignright wp-image-1484\" src=\"https:\/\/www.israelgids.nl\/wp\/wp-content\/uploads\/2020\/05\/Foto-Bernardine-1-scaled.jpg\" alt=\"\" width=\"288\" height=\"382\" \/>Mijn naam is Bernardine Nof. Ik ben geboren in Den Haag direct na de oorlog, en ben op 22 jarige leeftijd naar Isra\u00ebl ge\u00ebmmigreerd. Ik heb mij hier vanaf de eerste dag thuis gevoeld. Vlak na mijn aliya (immigratie naar Isra\u00ebl) heb ik de gidsenopleiding gevolgd. Ik heb met heel veel liefde gedurende een aantal jaren groepen door Isra\u00ebl geleid. Ik verzorg nu al meer dan 35 jaar reizen naar Isra\u00ebl voor grote en kleine groepen van over de hele wereld. Het geeft veel voldoening om van onze gasten te horen dat hun reis naar Isra\u00ebl een onvergetelijke ervaring was.<\/span><\/h5>\n<h5 style=\"text-align: justify;\"><em><span style=\"text-decoration: underline; color: #000080;\"><strong>Rivka Serraf<\/strong><\/span><\/em><\/h5>\n<h5 style=\"text-align: justify;\"><span style=\"text-decoration: underline; color: #000080;\"><img loading=\"lazy\" decoding=\"async\" class=\"alignright wp-image-1992\" src=\"https:\/\/www.israelgids.nl\/wp\/wp-content\/uploads\/2023\/05\/16848942708811-700x982.jpg\" alt=\"\" width=\"274\" height=\"381\" \/><\/span><\/h5>\n<h5 style=\"text-align: justify;\"><span style=\"color: #000080;\">Shalom allemaal. Mijn naam is Rivka, geboren in Nederland en ben op 24 jarige leeftijd naar Isra\u00ebl verhuisd vanuit Amsterdam. Ik heb in Nederland Voeding en Di\u00ebtetiek gestudeerd, maar door mijn passie voor de natuur en historie van mijn thuisland Isra\u00ebl besloot ik een baan te zoeken in het toerisme. Met veel plezier werk ik samen met Bernardine op het kantoor om uw reis naar Isra\u00ebl samen te stellen. Ik ben de operations manager in ons kantoor in Jerusalem, wat inhoudt dat ik uw reis van A tot Z regel.<\/span><\/h5>\n<h5 style=\"text-align: justify;\"><span style=\"color: #000080;\">Please <strong><a style=\"color: #000080;\" href=\"https:\/\/www.israelgids.nl\/en\/contact\/\">reach out<\/a> <\/strong>to us. We would love to send you a proposal for a tour and show you what is possible for your tailor made tour to Israel.\u00a0\u00a0<\/span><\/h5>\n<h5 style=\"text-align: justify;\"><span style=\"color: #000080;\"><strong>Looking forward to welcome you in Jerusalem!<\/strong><\/span><\/h5>","protected":false},"excerpt":{"rendered":"<p class=\"post-excerpt\">Yaacov Nof Mijn naam is Yaacov Nof. Ik heb ruim 50 jaar ervaring als gids voor Isra\u00eblreizen, zowel in het&#8230;<\/p>","protected":false},"author":1,"featured_media":0,"parent":0,"menu_order":0,"comment_status":"closed","ping_status":"closed","template":"","meta":{"_exactmetrics_skip_tracking":false,"_exactmetrics_sitenote_active":false,"_exactmetrics_sitenote_note":"","_exactmetrics_sitenote_category":0,"footnotes":""},"yoast_head":"<!-- This site is optimized with the Yoast SEO plugin v22.9 - https:\/\/yoast.com\/wordpress\/plugins\/seo\/ -->\n<title>Het team - Israelgids<\/title>\n<meta name=\"robots\" content=\"index, follow, max-snippet:-1, max-image-preview:large, max-video-preview:-1\" \/>\n<link rel=\"canonical\" href=\"https:\/\/www.israelgids.nl\/en\/team\/\" \/>\n<meta property=\"og:locale\" content=\"en_US\" \/>\n<meta property=\"og:type\" content=\"article\" \/>\n<meta property=\"og:title\" content=\"Het team - Israelgids\" \/>\n<meta property=\"og:description\" content=\"Yaacov Nof Mijn naam is Yaacov Nof. Ik heb ruim 50 jaar ervaring als gids voor Isra\u00eblreizen, zowel in het...\" \/>\n<meta property=\"og:url\" content=\"https:\/\/www.israelgids.nl\/en\/team\/\" \/>\n<meta property=\"og:site_name\" content=\"Israelgids\" \/>\n<meta property=\"article:modified_time\" content=\"2023-05-24T02:35:52+00:00\" \/>\n<meta property=\"og:image\" content=\"https:\/\/www.israelgids.nl\/wp\/wp-content\/uploads\/2020\/05\/Foto-Yaacov-1-scaled.jpg\" \/>\n<meta name=\"twitter:card\" content=\"summary_large_image\" \/>\n<meta name=\"twitter:label1\" content=\"Est. reading time\" \/>\n\t<meta name=\"twitter:data1\" content=\"3 minutes\" \/>\n<script type=\"application\/ld+json\" class=\"yoast-schema-graph\">{\"@context\":\"https:\/\/schema.org\",\"@graph\":[{\"@type\":\"WebPage\",\"@id\":\"https:\/\/www.israelgids.nl\/team\/\",\"url\":\"https:\/\/www.israelgids.nl\/team\/\",\"name\":\"Het team - Israelgids\",\"isPartOf\":{\"@id\":\"https:\/\/www.israelgids.nl\/#website\"},\"primaryImageOfPage\":{\"@id\":\"https:\/\/www.israelgids.nl\/team\/#primaryimage\"},\"image\":{\"@id\":\"https:\/\/www.israelgids.nl\/team\/#primaryimage\"},\"thumbnailUrl\":\"https:\/\/www.israelgids.nl\/wp\/wp-content\/uploads\/2020\/05\/Foto-Yaacov-1-scaled.jpg\",\"datePublished\":\"2015-10-19T19:36:23+00:00\",\"dateModified\":\"2023-05-24T02:35:52+00:00\",\"breadcrumb\":{\"@id\":\"https:\/\/www.israelgids.nl\/team\/#breadcrumb\"},\"inLanguage\":\"en-US\",\"potentialAction\":[{\"@type\":\"ReadAction\",\"target\":[\"https:\/\/www.israelgids.nl\/team\/\"]}]},{\"@type\":\"ImageObject\",\"inLanguage\":\"en-US\",\"@id\":\"https:\/\/www.israelgids.nl\/team\/#primaryimage\",\"url\":\"https:\/\/www.israelgids.nl\/wp\/wp-content\/uploads\/2020\/05\/Foto-Yaacov-1-scaled.jpg\",\"contentUrl\":\"https:\/\/www.israelgids.nl\/wp\/wp-content\/uploads\/2020\/05\/Foto-Yaacov-1-scaled.jpg\"},{\"@type\":\"BreadcrumbList\",\"@id\":\"https:\/\/www.israelgids.nl\/team\/#breadcrumb\",\"itemListElement\":[{\"@type\":\"ListItem\",\"position\":1,\"name\":\"Home\",\"item\":\"https:\/\/www.israelgids.nl\/\"},{\"@type\":\"ListItem\",\"position\":2,\"name\":\"Het team\"}]},{\"@type\":\"WebSite\",\"@id\":\"https:\/\/www.israelgids.nl\/#website\",\"url\":\"https:\/\/www.israelgids.nl\/\",\"name\":\"Israelgids\",\"description\":\"Uw persoonlijke gids in Isra\u00ebl sinds 1970\",\"potentialAction\":[{\"@type\":\"SearchAction\",\"target\":{\"@type\":\"EntryPoint\",\"urlTemplate\":\"https:\/\/www.israelgids.nl\/?s={search_term_string}\"},\"query-input\":\"required name=search_term_string\"}],\"inLanguage\":\"en-US\"}]}<\/script>\n<!-- \/ Yoast SEO plugin. -->","yoast_head_json":{"title":"Het team - Israelgids","robots":{"index":"index","follow":"follow","max-snippet":"max-snippet:-1","max-image-preview":"max-image-preview:large","max-video-preview":"max-video-preview:-1"},"canonical":"https:\/\/www.israelgids.nl\/en\/team\/","og_locale":"en_US","og_type":"article","og_title":"Het team - Israelgids","og_description":"Yaacov Nof Mijn naam is Yaacov Nof. Ik heb ruim 50 jaar ervaring als gids voor Isra\u00eblreizen, zowel in het...","og_url":"https:\/\/www.israelgids.nl\/en\/team\/","og_site_name":"Israelgids","article_modified_time":"2023-05-24T02:35:52+00:00","og_image":[{"url":"https:\/\/www.israelgids.nl\/wp\/wp-content\/uploads\/2020\/05\/Foto-Yaacov-1-scaled.jpg"}],"twitter_card":"summary_large_image","twitter_misc":{"Est. reading time":"3 minutes"},"schema":{"@context":"https:\/\/schema.org","@graph":[{"@type":"WebPage","@id":"https:\/\/www.israelgids.nl\/team\/","url":"https:\/\/www.israelgids.nl\/team\/","name":"Het team - Israelgids","isPartOf":{"@id":"https:\/\/www.israelgids.nl\/#website"},"primaryImageOfPage":{"@id":"https:\/\/www.israelgids.nl\/team\/#primaryimage"},"image":{"@id":"https:\/\/www.israelgids.nl\/team\/#primaryimage"},"thumbnailUrl":"https:\/\/www.israelgids.nl\/wp\/wp-content\/uploads\/2020\/05\/Foto-Yaacov-1-scaled.jpg","datePublished":"2015-10-19T19:36:23+00:00","dateModified":"2023-05-24T02:35:52+00:00","breadcrumb":{"@id":"https:\/\/www.israelgids.nl\/team\/#breadcrumb"},"inLanguage":"en-US","potentialAction":[{"@type":"ReadAction","target":["https:\/\/www.israelgids.nl\/team\/"]}]},{"@type":"ImageObject","inLanguage":"en-US","@id":"https:\/\/www.israelgids.nl\/team\/#primaryimage","url":"https:\/\/www.israelgids.nl\/wp\/wp-content\/uploads\/2020\/05\/Foto-Yaacov-1-scaled.jpg","contentUrl":"https:\/\/www.israelgids.nl\/wp\/wp-content\/uploads\/2020\/05\/Foto-Yaacov-1-scaled.jpg"},{"@type":"BreadcrumbList","@id":"https:\/\/www.israelgids.nl\/team\/#breadcrumb","itemListElement":[{"@type":"ListItem","position":1,"name":"Home","item":"https:\/\/www.israelgids.nl\/"},{"@type":"ListItem","position":2,"name":"Het team"}]},{"@type":"WebSite","@id":"https:\/\/www.israelgids.nl\/#website","url":"https:\/\/www.israelgids.nl\/","name":"Israelgids","description":"Uw persoonlijke gids in Isra\u00ebl sinds 1970","potentialAction":[{"@type":"SearchAction","target":{"@type":"EntryPoint","urlTemplate":"https:\/\/www.israelgids.nl\/?s={search_term_string}"},"query-input":"required name=search_term_string"}],"inLanguage":"en-US"}]}},"_links":{"self":[{"href":"https:\/\/www.israelgids.nl\/en\/wp-json\/wp\/v2\/pages\/2"}],"collection":[{"href":"https:\/\/www.israelgids.nl\/en\/wp-json\/wp\/v2\/pages"}],"about":[{"href":"https:\/\/www.israelgids.nl\/en\/wp-json\/wp\/v2\/types\/page"}],"author":[{"embeddable":true,"href":"https:\/\/www.israelgids.nl\/en\/wp-json\/wp\/v2\/users\/1"}],"replies":[{"embeddable":true,"href":"https:\/\/www.israelgids.nl\/en\/wp-json\/wp\/v2\/comments?post=2"}],"version-history":[{"count":41,"href":"https:\/\/www.israelgids.nl\/en\/wp-json\/wp\/v2\/pages\/2\/revisions"}],"predecessor-version":[{"id":1993,"href":"https:\/\/www.israelgids.nl\/en\/wp-json\/wp\/v2\/pages\/2\/revisions\/1993"}],"wp:attachment":[{"href":"https:\/\/www.israelgids.nl\/en\/wp-json\/wp\/v2\/media?parent=2"}],"curies":[{"name":"wp","href":"https:\/\/api.w.org\/{rel}","templated":true}]}}